{"id":5,"date":"2020-02-03T17:57:15","date_gmt":"2020-02-03T16:57:15","guid":{"rendered":"http:\/\/musuco.fr\/?page_id=5"},"modified":"2024-08-16T22:26:16","modified_gmt":"2024-08-16T20:26:16","slug":"accueil","status":"publish","type":"page","link":"https:\/\/musuco.fr\/","title":{"rendered":"Accueil"},"content":{"rendered":"\n<p><strong>Du son au sens. MuSuCo vous accompagne pour transformer ce qui est bruit en ce qui vous d\u00e9fini.<\/strong><\/p>\n\n\n\n<h3 class=\"wp-block-heading\">Comment \u00e7a marche ?<\/h3>\n\n\n\n<ul class=\"wp-block-list\"><li>D&rsquo;abord, compl\u00e9tez le formulaire de contact. Il permet de tracer le contour de votre projet.<\/li><li>Puis, nous vous rappelons, pour affiner le trait et d\u00e9marrer la composition.<\/li><li>Durant l&rsquo;avancement du projet, nous \u00e9changeons avec vous autour de diff\u00e9rentes it\u00e9rations sonores. Ces versions interm\u00e9diaires permettent d&rsquo;\u00e9liminer les fausses pistes et d&rsquo;am\u00e9liorer encore ce qui convient.<\/li><li>Enfin, nous vous rendons la composition finale, dans le format de votre choix, selon les d\u00e9lais fix\u00e9 au d\u00e9part du projet.<\/li><\/ul>\n\n\n\n<h2 class=\"wp-block-heading\">Pour soumettre une demande, remplissez le formulaire.<\/h2>\n\n\n\n<div class=\"wpcf7 no-js\" id=\"wpcf7-f10-o1\" lang=\"fr-FR\" dir=\"ltr\">\n<div class=\"screen-reader-response\"><p role=\"status\" aria-live=\"polite\" aria-atomic=\"true\"><\/p> <ul><\/ul><\/div>\n<form action=\"\/index.php\/wp-json\/wp\/v2\/pages\/5#wpcf7-f10-o1\" method=\"post\" class=\"wpcf7-form init\" aria-label=\"Formulaire de contact\" novalidate=\"novalidate\" data-status=\"init\">\n<div style=\"display: none;\">\n<input type=\"hidden\" name=\"_wpcf7\" value=\"10\" \/>\n<input type=\"hidden\" name=\"_wpcf7_version\" value=\"5.9.8\" \/>\n<input type=\"hidden\" name=\"_wpcf7_locale\" value=\"fr_FR\" \/>\n<input type=\"hidden\" name=\"_wpcf7_unit_tag\" value=\"wpcf7-f10-o1\" \/>\n<input type=\"hidden\" name=\"_wpcf7_container_post\" value=\"0\" \/>\n<input type=\"hidden\" name=\"_wpcf7_posted_data_hash\" value=\"\" \/>\n<input type=\"hidden\" name=\"_wpcf7_recaptcha_response\" value=\"\" \/>\n<\/div>\n<p><label> * Votre nom ou celui de votre organisation<br \/>\n<span class=\"wpcf7-form-control-wrap\" data-name=\"your-name\"><input size=\"40\" maxlength=\"400\" class=\"wpcf7-form-control wpcf7-text wpcf7-validates-as-required\" aria-required=\"true\" aria-invalid=\"false\" value=\"\" type=\"text\" name=\"your-name\" \/><\/span> <\/label>\n<\/p>\n<labeb> * De quoi avez-vous besoin ?\n\t<p><span class=\"wpcf7-form-control-wrap\" data-name=\"Dequoiavez-vousbesoin\"><select class=\"wpcf7-form-control wpcf7-select wpcf7-validates-as-required\" aria-required=\"true\" aria-invalid=\"false\" multiple=\"multiple\" name=\"Dequoiavez-vousbesoin[]\"><option value=\"Musique \u00e0 l&#039;image ou d&#039;illustration\">Musique \u00e0 l&#039;image ou d&#039;illustration<\/option><option value=\"G\u00e9n\u00e9rique et identit\u00e9 sonore\">G\u00e9n\u00e9rique et identit\u00e9 sonore<\/option><option value=\"Sound design et habillage\">Sound design et habillage<\/option><option value=\"Cr\u00e9ation d&#039;un instrumental\">Cr\u00e9ation d&#039;un instrumental<\/option><\/select><\/span>\n\t<\/p>\n\t<p><label> Ech\u00e9ance du rendu<br \/>\n<span class=\"wpcf7-form-control-wrap\" data-name=\"date\"><select class=\"wpcf7-form-control wpcf7-select wpcf7-validates-as-required\" aria-required=\"true\" aria-invalid=\"false\" name=\"date\"><option value=\"Dans une semaine\">Dans une semaine<\/option><option value=\"Dans deux semaine,\">Dans deux semaine,<\/option><option value=\"Dans un mois\">Dans un mois<\/option><option value=\"Dans le trimestre et plus\">Dans le trimestre et plus<\/option><\/select><\/span> <\/label>\n\t<\/p>\n\t<p><label> Souhaitez-vous nous en dire plus sur votre projet ?<br \/>\n<span class=\"wpcf7-form-control-wrap\" data-name=\"your-message\"><textarea cols=\"40\" rows=\"10\" maxlength=\"2000\" class=\"wpcf7-form-control wpcf7-textarea\" aria-invalid=\"false\" name=\"your-message\"><\/textarea><\/span> <\/label>\n\t<\/p>\n\t<p><label> * Votre adresse de messagerie<br \/>\n<span class=\"wpcf7-form-control-wrap\" data-name=\"your-email\"><input size=\"40\" maxlength=\"400\" class=\"wpcf7-form-control wpcf7-email wpcf7-validates-as-required wpcf7-text wpcf7-validates-as-email\" aria-required=\"true\" aria-invalid=\"false\" value=\"\" type=\"email\" name=\"your-email\" \/><\/span> <\/label>\n\t<\/p>\n\t<p><span class=\"wpcf7-form-control-wrap\" data-name=\"phone\"><input size=\"40\" maxlength=\"400\" class=\"wpcf7-form-control wpcf7-tel wpcf7-text wpcf7-validates-as-tel\" aria-invalid=\"false\" placeholder=\"* Votre t\u00e9l\u00e9phone\" value=\"\" type=\"tel\" name=\"phone\" \/><\/span>\n\t<\/p>\n\t<p><input class=\"wpcf7-form-control wpcf7-submit has-spinner\" type=\"submit\" value=\"Envoyer\" \/>\n\t<\/p>\n<\/labeb><div class=\"wpcf7-response-output\" aria-hidden=\"true\"><\/div>\n<\/form>\n<\/div>\n\n\n\n\n<p><\/p>\n","protected":false},"excerpt":{"rendered":"<p>Du son au sens. MuSuCo vous accompagne pour transformer ce qui est bruit en ce qui vous d\u00e9fini. Comment \u00e7a marche ? D&rsquo;abord, compl\u00e9tez le formulaire de contact. Il permet de tracer le contour de votre projet. Puis, nous vous rappelons, pour affiner le trait et d\u00e9marrer la composition. Durant l&rsquo;avancement du projet, nous \u00e9changeons [&hellip;]<\/p>\n","protected":false},"author":2,"featured_media":0,"parent":0,"menu_order":0,"comment_status":"closed","ping_status":"closed","template":"","meta":{"site-sidebar-layout":"default","site-content-layout":"","ast-site-content-layout":"default","site-content-style":"default","site-sidebar-style":"default","ast-global-header-display":"","ast-banner-title-visibility":"","ast-main-header-display":"","ast-hfb-above-header-display":"","ast-hfb-below-header-display":"","ast-hfb-mobile-header-display":"","site-post-title":"","ast-breadcrumbs-content":"","ast-featured-img":"","footer-sml-layout":"","theme-transparent-header-meta":"","adv-header-id-meta":"","stick-header-meta":"","header-above-stick-meta":"","header-main-stick-meta":"","header-below-stick-meta":"","astra-migrate-meta-layouts":"set","ast-page-background-enabled":"default","ast-page-background-meta":{"desktop":{"background-color":"var(--ast-global-color-4)","background-image":"","background-repeat":"repeat","background-position":"center center","background-size":"auto","background-attachment":"scroll","background-type":"","background-media":"","overlay-type":"","overlay-color":"","overlay-opacity":"","overlay-gradient":""},"tablet":{"background-color":"","background-image":"","background-repeat":"repeat","background-position":"center center","background-size":"auto","background-attachment":"scroll","background-type":"","background-media":"","overlay-type":"","overlay-color":"","overlay-opacity":"","overlay-gradient":""},"mobile":{"background-color":"","background-image":"","background-repeat":"repeat","background-position":"center center","background-size":"auto","background-attachment":"scroll","background-type":"","background-media":"","overlay-type":"","overlay-color":"","overlay-opacity":"","overlay-gradient":""}},"ast-content-background-meta":{"desktop":{"background-color":"var(--ast-global-color-5)","background-image":"","background-repeat":"repeat","background-position":"center center","background-size":"auto","background-attachment":"scroll","background-type":"","background-media":"","overlay-type":"","overlay-color":"","overlay-opacity":"","overlay-gradient":""},"tablet":{"background-color":"var(--ast-global-color-5)","background-image":"","background-repeat":"repeat","background-position":"center center","background-size":"auto","background-attachment":"scroll","background-type":"","background-media":"","overlay-type":"","overlay-color":"","overlay-opacity":"","overlay-gradient":""},"mobile":{"background-color":"var(--ast-global-color-5)","background-image":"","background-repeat":"repeat","background-position":"center center","background-size":"auto","background-attachment":"scroll","background-type":"","background-media":"","overlay-type":"","overlay-color":"","overlay-opacity":"","overlay-gradient":""}},"footnotes":""},"class_list":["post-5","page","type-page","status-publish","hentry"],"yoast_head":"<!-- This site is optimized with the Yoast SEO plugin v23.2 - https:\/\/yoast.com\/wordpress\/plugins\/seo\/ -->\n<title>AccueilMuSuCo - Musique Sur Commande - MuSuCo.fr Musique sur commande.<\/title>\n<meta name=\"description\" content=\"Commande de musique, design sonore, musique de film, logo sonore, instrumental\" \/>\n<meta name=\"robots\" content=\"index, follow, max-snippet:-1, max-image-preview:large, max-video-preview:-1\" \/>\n<link rel=\"canonical\" href=\"https:\/\/musuco.fr\/\" \/>\n<meta property=\"og:locale\" content=\"fr_FR\" \/>\n<meta property=\"og:type\" content=\"article\" \/>\n<meta property=\"og:title\" content=\"AccueilMuSuCo - Musique Sur Commande - MuSuCo.fr Musique sur commande.\" \/>\n<meta property=\"og:description\" content=\"Commande de musique, design sonore, musique de film, logo sonore, instrumental\" \/>\n<meta property=\"og:url\" content=\"https:\/\/musuco.fr\/\" \/>\n<meta property=\"og:site_name\" content=\"MuSuCo.fr Musique sur commande.\" \/>\n<meta property=\"article:modified_time\" content=\"2024-08-16T20:26:16+00:00\" \/>\n<meta name=\"twitter:card\" content=\"summary_large_image\" \/>\n<meta name=\"twitter:label1\" content=\"Dur\u00e9e de lecture estim\u00e9e\" \/>\n\t<meta name=\"twitter:data1\" content=\"1 minute\" \/>\n<script type=\"application\/ld+json\" class=\"yoast-schema-graph\">{\"@context\":\"https:\/\/schema.org\",\"@graph\":[{\"@type\":\"WebPage\",\"@id\":\"https:\/\/musuco.fr\/\",\"url\":\"https:\/\/musuco.fr\/\",\"name\":\"AccueilMuSuCo - Musique Sur Commande - MuSuCo.fr Musique sur commande.\",\"isPartOf\":{\"@id\":\"https:\/\/musuco.fr\/#website\"},\"datePublished\":\"2020-02-03T16:57:15+00:00\",\"dateModified\":\"2024-08-16T20:26:16+00:00\",\"description\":\"Commande de musique, design sonore, musique de film, logo sonore, instrumental\",\"breadcrumb\":{\"@id\":\"https:\/\/musuco.fr\/#breadcrumb\"},\"inLanguage\":\"fr-FR\",\"potentialAction\":[{\"@type\":\"ReadAction\",\"target\":[\"https:\/\/musuco.fr\/\"]}]},{\"@type\":\"BreadcrumbList\",\"@id\":\"https:\/\/musuco.fr\/#breadcrumb\",\"itemListElement\":[{\"@type\":\"ListItem\",\"position\":1,\"name\":\"Accueil\",\"item\":\"https:\/\/musuco.fr\/\"},{\"@type\":\"ListItem\",\"position\":2,\"name\":\"Accueil\"}]},{\"@type\":\"WebSite\",\"@id\":\"https:\/\/musuco.fr\/#website\",\"url\":\"https:\/\/musuco.fr\/\",\"name\":\"MuSuCo.fr Musique sur commande.\",\"description\":\"\",\"publisher\":{\"@id\":\"https:\/\/musuco.fr\/#organization\"},\"potentialAction\":[{\"@type\":\"SearchAction\",\"target\":{\"@type\":\"EntryPoint\",\"urlTemplate\":\"https:\/\/musuco.fr\/?s={search_term_string}\"},\"query-input\":\"required name=search_term_string\"}],\"inLanguage\":\"fr-FR\"},{\"@type\":\"Organization\",\"@id\":\"https:\/\/musuco.fr\/#organization\",\"name\":\"MuSuCo\",\"url\":\"https:\/\/musuco.fr\/\",\"logo\":{\"@type\":\"ImageObject\",\"inLanguage\":\"fr-FR\",\"@id\":\"https:\/\/musuco.fr\/#\/schema\/logo\/image\/\",\"url\":\"https:\/\/musuco.fr\/wp-content\/uploads\/2020\/05\/MUSUCO-V4-petit-1.jpg\",\"contentUrl\":\"https:\/\/musuco.fr\/wp-content\/uploads\/2020\/05\/MUSUCO-V4-petit-1.jpg\",\"width\":227,\"height\":221,\"caption\":\"MuSuCo\"},\"image\":{\"@id\":\"https:\/\/musuco.fr\/#\/schema\/logo\/image\/\"},\"sameAs\":[\"https:\/\/www.instagram.com\/auctobremusique\",\"https:\/\/tiktok.com\/@auctobremusique\",\"https:\/\/www.youtube.com\/@Auctobre\"]}]}<\/script>\n<!-- \/ Yoast SEO plugin. -->","yoast_head_json":{"title":"AccueilMuSuCo - Musique Sur Commande - MuSuCo.fr Musique sur commande.","description":"Commande de musique, design sonore, musique de film, logo sonore, instrumental","robots":{"index":"index","follow":"follow","max-snippet":"max-snippet:-1","max-image-preview":"max-image-preview:large","max-video-preview":"max-video-preview:-1"},"canonical":"https:\/\/musuco.fr\/","og_locale":"fr_FR","og_type":"article","og_title":"AccueilMuSuCo - Musique Sur Commande - MuSuCo.fr Musique sur commande.","og_description":"Commande de musique, design sonore, musique de film, logo sonore, instrumental","og_url":"https:\/\/musuco.fr\/","og_site_name":"MuSuCo.fr Musique sur commande.","article_modified_time":"2024-08-16T20:26:16+00:00","twitter_card":"summary_large_image","twitter_misc":{"Dur\u00e9e de lecture estim\u00e9e":"1 minute"},"schema":{"@context":"https:\/\/schema.org","@graph":[{"@type":"WebPage","@id":"https:\/\/musuco.fr\/","url":"https:\/\/musuco.fr\/","name":"AccueilMuSuCo - Musique Sur Commande - MuSuCo.fr Musique sur commande.","isPartOf":{"@id":"https:\/\/musuco.fr\/#website"},"datePublished":"2020-02-03T16:57:15+00:00","dateModified":"2024-08-16T20:26:16+00:00","description":"Commande de musique, design sonore, musique de film, logo sonore, instrumental","breadcrumb":{"@id":"https:\/\/musuco.fr\/#breadcrumb"},"inLanguage":"fr-FR","potentialAction":[{"@type":"ReadAction","target":["https:\/\/musuco.fr\/"]}]},{"@type":"BreadcrumbList","@id":"https:\/\/musuco.fr\/#breadcrumb","itemListElement":[{"@type":"ListItem","position":1,"name":"Accueil","item":"https:\/\/musuco.fr\/"},{"@type":"ListItem","position":2,"name":"Accueil"}]},{"@type":"WebSite","@id":"https:\/\/musuco.fr\/#website","url":"https:\/\/musuco.fr\/","name":"MuSuCo.fr Musique sur commande.","description":"","publisher":{"@id":"https:\/\/musuco.fr\/#organization"},"potentialAction":[{"@type":"SearchAction","target":{"@type":"EntryPoint","urlTemplate":"https:\/\/musuco.fr\/?s={search_term_string}"},"query-input":"required name=search_term_string"}],"inLanguage":"fr-FR"},{"@type":"Organization","@id":"https:\/\/musuco.fr\/#organization","name":"MuSuCo","url":"https:\/\/musuco.fr\/","logo":{"@type":"ImageObject","inLanguage":"fr-FR","@id":"https:\/\/musuco.fr\/#\/schema\/logo\/image\/","url":"https:\/\/musuco.fr\/wp-content\/uploads\/2020\/05\/MUSUCO-V4-petit-1.jpg","contentUrl":"https:\/\/musuco.fr\/wp-content\/uploads\/2020\/05\/MUSUCO-V4-petit-1.jpg","width":227,"height":221,"caption":"MuSuCo"},"image":{"@id":"https:\/\/musuco.fr\/#\/schema\/logo\/image\/"},"sameAs":["https:\/\/www.instagram.com\/auctobremusique","https:\/\/tiktok.com\/@auctobremusique","https:\/\/www.youtube.com\/@Auctobre"]}]}},"_links":{"self":[{"href":"https:\/\/musuco.fr\/index.php\/wp-json\/wp\/v2\/pages\/5"}],"collection":[{"href":"https:\/\/musuco.fr\/index.php\/wp-json\/wp\/v2\/pages"}],"about":[{"href":"https:\/\/musuco.fr\/index.php\/wp-json\/wp\/v2\/types\/page"}],"author":[{"embeddable":true,"href":"https:\/\/musuco.fr\/index.php\/wp-json\/wp\/v2\/users\/2"}],"replies":[{"embeddable":true,"href":"https:\/\/musuco.fr\/index.php\/wp-json\/wp\/v2\/comments?post=5"}],"version-history":[{"count":6,"href":"https:\/\/musuco.fr\/index.php\/wp-json\/wp\/v2\/pages\/5\/revisions"}],"predecessor-version":[{"id":31,"href":"https:\/\/musuco.fr\/index.php\/wp-json\/wp\/v2\/pages\/5\/revisions\/31"}],"wp:attachment":[{"href":"https:\/\/musuco.fr\/index.php\/wp-json\/wp\/v2\/media?parent=5"}],"curies":[{"name":"wp","href":"https:\/\/api.w.org\/{rel}","templated":true}]}}